{"id":2452,"date":"2018-09-03T19:11:29","date_gmt":"2018-09-03T19:11:29","guid":{"rendered":"https:\/\/skyrospnoes.gr\/frontpage-01\/"},"modified":"2024-11-25T15:19:18","modified_gmt":"2024-11-25T15:19:18","slug":"home","status":"publish","type":"page","link":"https:\/\/skyrospnoes.gr\/el\/","title":{"rendered":"FrontPage 01"},"content":{"rendered":"<div class=\"wpb-content-wrapper\"><p>[vc_row height=&#8221;200px&#8221; css=&#8221;.vc_custom_1718287692453{margin-top: 100px !important;}&#8221; el_id=&#8221;espa-banner&#8221;][vc_column][vc_single_image image=&#8221;2111&#8243; img_size=&#8221;large&#8221; alignment=&#8221;center&#8221; onclick=&#8221;custom_link&#8221; img_link_target=&#8221;_blank&#8221; parallax_ratio=&#8221;&#8221; disable_reveal_effect=&#8221;1&#8243; link=&#8221;https:\/\/skyrospnoes.gr\/wp-content\/uploads\/2024\/06\/espa_2024_pnoes.pdf&#8221;][\/vc_column][\/vc_row][vc_row hue=&#8221;#ff0000&#8243;][vc_column]<div id=\"top-banner-background-1\" class=\"shortcode-mode\"><br \/>\n<div class=\"hero-background-slider\"><div style=\"background:url(https:\/\/skyrospnoes.gr\/wp-content\/uploads\/2024\/11\/1-scaled.jpg)\" data-title=\"Pnoes \u03a3\u03ba\u03cd\u03c1\u03bf\u03c2\" data-subtitle=\"DISCOVER STUNNING SUNRISE AND SUNSET VIEWS\" data-link=\"\" data-linktitle=\"\" data-fgcolor=\"#ffffff\"><\/div><\/div><br \/>\n<div class=\"hero-background-slider\"><div style=\"background:url(https:\/\/skyrospnoes.gr\/wp-content\/uploads\/2024\/11\/8-scaled.jpg)\" data-title=\"Pnoes \u03a3\u03ba\u03cd\u03c1\u03bf\u03c2\" data-subtitle=\"ABSOLUTE LUXURY WITH A STUNNING VIEW\" data-link=\"\" data-linktitle=\"\" data-fgcolor=\"#ffffff\"><\/div><\/div><br \/>\n<div class=\"hero-background-slider\"><div style=\"background:url(https:\/\/skyrospnoes.gr\/wp-content\/uploads\/2024\/11\/4-scaled.jpg)\" data-title=\"Pnoes \u03a3\u03ba\u03cd\u03c1\u03bf\u03c2\" data-subtitle=\"FOR THOSE WHO SEEK PERFECT ACCOMODATION\" data-link=\"\" data-linktitle=\"\" data-fgcolor=\"#ffffff\"><\/div><\/div><br \/>\n<div class=\"reveal-slider-caption\"><\/div><\/div>[\/vc_column][\/vc_row][vc_row content_placement=&#8221;middle&#8221; css=&#8221;.vc_custom_1542961430859{margin-top: 0px !important;margin-bottom: 0px !important;padding-top: 90px !important;padding-bottom: 60px !important;}&#8221;][vc_column width=&#8221;1\/2&#8243; zero_padding_on_mobile=&#8221;on&#8221; zero_margin_on_mobile=&#8221;on&#8221;][vc_column_text css=&#8221;.vc_custom_1715288542774{margin-bottom: 15px !important;}&#8221;]<\/p>\n<h2 style=\"text-align: left;\">Pnoes | \u03a3\u03ba\u03cd\u03c1\u03bf\u03c2<\/h2>\n<p>[\/vc_column_text][vc_column_text]\u039a\u03b1\u03bb\u03ce\u03c2 \u03ae\u03c1\u03b8\u03b1\u03c4\u03b5 \u03c3\u03c4\u03bf \u03c3\u03c5\u03b3\u03ba\u03c1\u03cc\u03c4\u03b7\u03bc\u03b1 <b>Pnoes<\/b>, \u03b5\u03b4\u03ce \u03cc\u03c0\u03bf\u03c5 \u03b7 \u03c0\u03bf\u03bb\u03c5\u03c4\u03ad\u03bb\u03b5\u03b9\u03b1 \u03c3\u03c5\u03bd\u03b1\u03bd\u03c4\u03ac \u03c4\u03b7\u03bd \u03b7\u03c1\u03b5\u03bc\u03af\u03b1, \u03c3\u03c4\u03b7\u03bd \u03c0\u03b1\u03c1\u03b1\u03bb\u03af\u03b1 \u03c4\u03b7\u03c2 \u039a\u03b1\u03bb\u03b1\u03bc\u03af\u03c4\u03c3\u03b1\u03c2, \u03c3\u03c4\u03b7 \u03a3\u03ba\u03cd\u03c1\u03bf.<\/p>\n<p>\u039c\u03b5 \u03ad\u03bc\u03c0\u03bd\u03b5\u03c5\u03c3\u03b7 \u03c4\u03bf\u03c5\u03c2 \u00ab\u03c8\u03af\u03b8\u03c5\u03c1\u03bf\u03c5\u03c2\u00bb \u03c0\u03bf\u03c5 \u03b4\u03b7\u03bc\u03b9\u03bf\u03c5\u03c1\u03b3\u03bf\u03cd\u03bd \u03bf\u03b9 \u03c0\u03bd\u03bf\u03ad\u03c2 \u03c4\u03bf\u03c5 \u03b1\u03bd\u03ad\u03bc\u03bf\u03c5, \u03c4\u03bf <b>Pnoes<\/b> \u03c5\u03c0\u03cc\u03c3\u03c7\u03b5\u03c4\u03b1\u03b9 \u03bd\u03b1 \u03b3\u03af\u03bd\u03b5\u03b9 \u03b3\u03b9\u03b1 \u03b5\u03c3\u03ac\u03c2 \u03ad\u03bd\u03b1 \u03ba\u03b1\u03c4\u03b1\u03c6\u03cd\u03b3\u03b9\u03bf \u03b3\u03b1\u03bb\u03ae\u03bd\u03b7\u03c2 \u03ba\u03b1\u03b9 \u03c7\u03b1\u03bb\u03ac\u03c1\u03c9\u03c3\u03b7\u03c2. \u0397 \u03c4\u03bf\u03c0\u03bf\u03b8\u03b5\u03c3\u03af\u03b1 \u03c4\u03bf\u03c5 \u03c3\u03c5\u03b3\u03ba\u03c1\u03bf\u03c4\u03ae\u03bc\u03b1\u03c4\u03bf\u03c2 \u03bc\u03b1\u03c2 \u2013 \u03bc\u03b9\u03b1 \u03b1\u03bd\u03ac\u03c3\u03b1 \u03b1\u03c0\u03cc \u03c4\u03b1 \u03ba\u03b1\u03c4\u03b1\u03b3\u03ac\u03bb\u03b1\u03bd\u03b1 \u03bd\u03b5\u03c1\u03ac \u03c4\u03bf\u03c5 \u0391\u03b9\u03b3\u03b1\u03af\u03bf\u03c5 \u2013 \u03ba\u03b1\u03b9 \u03bf\u03b9 \u03c4\u03ad\u03c3\u03c3\u03b5\u03c1\u03b9\u03c2 \u03c0\u03bf\u03bb\u03c5\u03c4\u03b5\u03bb\u03b5\u03af\u03c2 \u03ba\u03b1\u03c4\u03bf\u03b9\u03ba\u03af\u03b5\u03c2 \u03c4\u03bf\u03c5 \u03c0\u03c1\u03bf\u03c3\u03c6\u03ad\u03c1\u03bf\u03c5\u03bd \u03ba\u03ac\u03c4\u03b9 \u03c0\u03b1\u03c1\u03b1\u03c0\u03ac\u03bd\u03c9 \u03b1\u03c0\u03cc \u03bc\u03b9\u03b1 \u03b1\u03c0\u03bb\u03ae \u03b4\u03b9\u03b1\u03bc\u03bf\u03bd\u03ae.<\/p>\n<p>\u03a3\u03c4\u03bf <b>Pnoes<\/b>, \u03c3\u03b1\u03c2 \u03c0\u03c1\u03bf\u03c3\u03ba\u03b1\u03bb\u03bf\u03cd\u03bc\u03b5 \u03bd\u03b1 \u03b2\u03b9\u03ce\u03c3\u03b5\u03c4\u03b5 \u03ad\u03bd\u03b1\u03bd \u03c4\u03c1\u03cc\u03c0\u03bf \u03b6\u03c9\u03ae\u03c2 \u03c0\u03bf\u03c5 \u03b2\u03ac\u03b6\u03b5\u03b9 \u03c4\u03bf \u03b5\u03c5 \u03b6\u03b7\u03bd \u03c3\u03c4\u03bf \u03b5\u03c0\u03af\u03ba\u03b5\u03bd\u03c4\u03c1\u03bf. \u039a\u03ac\u03b8\u03b5 \u03bc\u03af\u03b1 \u03b1\u03c0\u03cc \u03c4\u03b9\u03c2 \u03c4\u03ad\u03c3\u03c3\u03b5\u03c1\u03b9\u03c2 \u03ba\u03b1\u03c4\u03bf\u03b9\u03ba\u03af\u03b5\u03c2 \u03bc\u03b1\u03c2 \u03b5\u03af\u03bd\u03b1\u03b9 \u03b4\u03b9\u03b1\u03ba\u03bf\u03c3\u03bc\u03b7\u03bc\u03ad\u03bd\u03b7 \u03bc\u03b5 \u03b3\u03ae\u03b9\u03bd\u03bf\u03c5\u03c2 \u03c4\u03cc\u03bd\u03bf\u03c5\u03c2, \u03c7\u03b1\u03c1\u03b1\u03ba\u03c4\u03b7\u03c1\u03af\u03b6\u03b5\u03c4\u03b1\u03b9 \u03b1\u03c0\u03cc \u03ba\u03bf\u03bc\u03c8\u03ae \u03b1\u03c0\u03bb\u03cc\u03c4\u03b7\u03c4\u03b1 \u03ba\u03b1\u03b9 \u03b4\u03b9\u03b1\u03b8\u03ad\u03c4\u03b5\u03b9 \u03c4\u03b7 \u03b4\u03b9\u03ba\u03ae \u03c4\u03b7\u03c2 \u03b9\u03b4\u03b9\u03c9\u03c4\u03b9\u03ba\u03ae \u03c0\u03b9\u03c3\u03af\u03bd\u03b1.<\/p>\n<p>\u0391\u03bd\u03b1\u03ba\u03b1\u03bb\u03cd\u03c8\u03c4\u03b5 \u03c4\u03b9 \u03bc\u03c0\u03bf\u03c1\u03bf\u03cd\u03bd \u03bd\u03b1 \u03c3\u03b1\u03c2 \u03c0\u03c1\u03bf\u03c3\u03c6\u03ad\u03c1\u03bf\u03c5\u03bd \u03bf\u03b9 \u03c4\u03ad\u03c3\u03c3\u03b5\u03c1\u03b9\u03c2 \u03c0\u03bf\u03bb\u03c5\u03c4\u03b5\u03bb\u03b5\u03af\u03c2 \u03ba\u03b1\u03c4\u03bf\u03b9\u03ba\u03af\u03b5\u03c2 \u03bc\u03b1\u03c2, \u03b5\u03af\u03c4\u03b5 \u03b1\u03bd\u03b1\u03b6\u03b7\u03c4\u03ac\u03c4\u03b5 \u03bc\u03b9\u03b1 \u03c1\u03bf\u03bc\u03b1\u03bd\u03c4\u03b9\u03ba\u03ae \u03b1\u03c0\u03cc\u03b4\u03c1\u03b1\u03c3\u03b7, \u03b5\u03af\u03c4\u03b5 \u03bc\u03b9\u03b1 \u03bf\u03b9\u03ba\u03bf\u03b3\u03b5\u03bd\u03b5\u03b9\u03b1\u03ba\u03ae \u03c0\u03b5\u03c1\u03b9\u03c0\u03ad\u03c4\u03b5\u03b9\u03b1 \u03ae \u03b1\u03c0\u03bb\u03ac \u03ad\u03bd\u03b1 \u03c4\u03b1\u03be\u03af\u03b4\u03b9 \u03b4\u03ce\u03c1\u03bf \u03c3\u03c4\u03bf\u03bd \u03b5\u03b1\u03c5\u03c4\u03cc \u03c3\u03b1\u03c2.<\/p>\n<p>\u03a3\u03c4\u03bf \u03c3\u03c5\u03b3\u03ba\u03c1\u03cc\u03c4\u03b7\u03bc\u03b1 <span data-ogsc=\"rgb(13, 13, 13)\" data-ogsb=\"white\">Pnoes<\/span>, \u03c3\u03b1\u03c2 \u03c0\u03b5\u03c1\u03b9\u03bc\u03ad\u03bd\u03bf\u03c5\u03bc\u03b5 \u03b3\u03b9\u03b1 \u03bd\u03b1 \u03b1\u03c0\u03bf\u03bb\u03b1\u03cd\u03c3\u03b5\u03c4\u03b5 \u03c7\u03b1\u03bb\u03b1\u03c1\u03ad\u03c2 \u03b2\u03cc\u03bb\u03c4\u03b5\u03c2 \u03ba\u03b1\u03b9 \u03bd\u03b1 \u03c7\u03b1\u03c1\u03b5\u03af\u03c4\u03b5 \u03c4\u03bf\u03bd \u03ae\u03bb\u03b9\u03bf \u03c3\u03c4\u03b7\u03bd \u03ba\u03c1\u03c5\u03c3\u03c4\u03ac\u03bb\u03bb\u03b9\u03bd\u03b7 \u03b1\u03ba\u03c4\u03ae \u03c4\u03b7\u03c2 \u039a\u03b1\u03bb\u03b1\u03bc\u03af\u03c4\u03c3\u03b1\u03c2, \u03bd\u03b1 \u03c0\u03b5\u03c1\u03b9\u03b7\u03b3\u03b7\u03b8\u03b5\u03af\u03c4\u03b5 \u03c3\u03c4\u03b7\u03bd \u03c0\u03b1\u03bd\u03ad\u03bc\u03bf\u03c1\u03c6\u03b7 \u03a3\u03ba\u03cd\u03c1\u03bf \u03ba\u03b1\u03b9 \u03bd\u03b1 \u03b6\u03ae\u03c3\u03b5\u03c4\u03b5 \u03c4\u03b9\u03c2 \u03b5\u03c0\u03cc\u03bc\u03b5\u03bd\u03b5\u03c2 \u03b5\u03bc\u03c0\u03b5\u03b9\u03c1\u03af\u03b5\u03c2 \u03c0\u03bf\u03c5 \u03b8\u03b1 \u03b4\u03b9\u03b7\u03b3\u03b5\u03af\u03c3\u03c4\u03b5 \u03c3\u03b5 \u03c6\u03af\u03bb\u03bf\u03c5\u03c2 \u03ba\u03b1\u03b9 \u03b1\u03b3\u03b1\u03c0\u03b7\u03bc\u03ad\u03bd\u03b1 \u03c0\u03c1\u03cc\u03c3\u03c9\u03c0\u03b1.<\/p>\n<p>\u0391\u03bd\u03b1\u03ba\u03b1\u03bb\u03cd\u03c8\u03b5\u03c4\u03b5 \u03c4\u03bf \u03c0\u03bb\u03bf\u03cd\u03c3\u03b9\u03bf \u03c4\u03bf\u03c0\u03af\u03bf \u03c4\u03b7\u03c2 \u03a3\u03ba\u03cd\u03c1\u03bf\u03c5 \u2013 \u03b1\u03c0\u03cc \u03c4\u03b1 \u03b3\u03c1\u03b1\u03c6\u03b9\u03ba\u03ac \u03c7\u03c9\u03c1\u03b9\u03ac \u03ba\u03b1\u03b9 \u03c4\u03b1 \u03b1\u03c1\u03c7\u03b1\u03af\u03b1 \u03c4\u03bf\u03c0\u03cc\u03c3\u03b7\u03bc\u03b1 \u03bc\u03ad\u03c7\u03c1\u03b9 \u03c4\u03bf\u03bd \u03c0\u03bf\u03bb\u03b9\u03c4\u03b9\u03c3\u03bc\u03cc \u03c4\u03b7\u03c2 \u03ba\u03b1\u03b9 \u03c4\u03b9\u03c2 \u03b3\u03b1\u03c3\u03c4\u03c1\u03bf\u03bd\u03bf\u03bc\u03b9\u03ba\u03ad\u03c2 \u03b1\u03c0\u03bf\u03bb\u03b1\u03cd\u03c3\u03b5\u03b9\u03c2. \u0391\u03c6\u03ae\u03c3\u03c4\u03b5 \u03c4\u03bf \u03b1\u03c0\u03b1\u03bb\u03cc \u03b1\u03b5\u03c1\u03ac\u03ba\u03b9 \u03c4\u03bf\u03c5 Pnoes \u03bd\u03b1 \u03c3\u03b1\u03c2 \u03c0\u03b1\u03c1\u03b1\u03c3\u03cd\u03c1\u03b5\u03b9 \u03ba\u03b1\u03b9 \u03ba\u03ac\u03bd\u03c4\u03b5 \u03c4\u03b7 \u03b4\u03b9\u03b1\u03bc\u03bf\u03bd\u03ae \u03c3\u03b1\u03c2 \u03c3\u03c4\u03b7 \u03a3\u03ba\u03cd\u03c1\u03bf \u03ad\u03bd\u03b1 \u03c4\u03b1\u03be\u03af\u03b4\u03b9 \u03c3\u03c4\u03b7 \u03b3\u03b1\u03bb\u03ae\u03bd\u03b7, \u03c4\u03b7\u03bd \u03c0\u03bf\u03bb\u03c5\u03c4\u03ad\u03bb\u03b5\u03b9\u03b1 \u03ba\u03b1\u03b9 \u03c4\u03b9\u03c2 \u03b1\u03bd\u03b1\u03bc\u03bd\u03ae\u03c3\u03b5\u03b9\u03c2.<\/p>\n<p>\u0397 \u03bc\u03b1\u03b3\u03b5\u03af\u03b1 \u03c4\u03b7\u03c2 \u03a3\u03ba\u03cd\u03c1\u03bf\u03c5 \u03c3\u03b1\u03c2 \u03c0\u03b5\u03c1\u03b9\u03bc\u03ad\u03bd\u03b5\u03b9.[\/vc_column_text][\/vc_column][vc_column width=&#8221;1\/2&#8243;][vc_single_image image=&#8221;2139&#8243; img_size=&#8221;full&#8221; alignment=&#8221;right&#8221; parallax_ratio=&#8221;1.0&#8243;][\/vc_column][\/vc_row][vc_row full_width=&#8221;stretch_row&#8221; disable_element=&#8221;yes&#8221; css=&#8221;.vc_custom_1715289108406{margin-top: 0px !important;margin-bottom: 0px !important;padding-top: 80px !important;padding-bottom: 115px !important;background-color: #f7f7f7 !important;}&#8221;][vc_column][vc_row_inner content_placement=&#8221;middle&#8221; css=&#8221;.vc_custom_1537988042258{margin-top: 0px !important;margin-right: 0px !important;margin-bottom: 0px !important;margin-left: 0px !important;padding-top: 0px !important;padding-right: 0px !important;padding-bottom: 0px !important;padding-left: 0px !important;background-color: #ffffff !important;}&#8221;][vc_column_inner width=&#8221;1\/2&#8243; css=&#8221;.vc_custom_1537989443441{padding-top: 40px !important;padding-right: 15% !important;padding-bottom: 40px !important;padding-left: 15% !important;}&#8221;][vc_custom_heading text=&#8221;Santorini&#8221; font_container=&#8221;tag:h2|text_align:center|color:%23000000&#8243; use_theme_fonts=&#8221;yes&#8221; css=&#8221;.vc_custom_1537989693131{margin-bottom: 15px !important;}&#8221;][vc_column_text]<\/p>\n<p style=\"text-align: justify;\">Cousteau looked for the lost city of Atlantis here. On Santorini Crescent-shaped <strong>Santorini (or Th\u00edra)<\/strong>, the precious gem of the Aegean, is actually a group of islands consisting of Th\u00edra, Thirassi\u00e1, Aspron\u00edssi, Palea and Nea Kam\u00e9ni in the southernmost part of Cyclades. A visit to Santorini is the ultimate gastronomic experience, as the island is a true culinary paradise!<\/p>\n<p>[\/vc_column_text]<span  id=\"wofcb-2\" class=\"ozy-custom_button_w\"><a id=\"ofcb-2\" style=\"--data-bordercolor:#c19b76\" class=\"ozy-custom_button ocbtn-1\"  href=\"#\"  target=\"_self\" >MORE ABOUT SANTORINI<\/a><\/span>[\/vc_column_inner][vc_column_inner width=&#8221;1\/2&#8243; css=&#8221;.vc_custom_1537987996656{margin-top: 0px !important;margin-right: 0px !important;margin-bottom: 0px !important;margin-left: 0px !important;padding-top: 0px !important;padding-right: 0px !important;padding-bottom: 0px !important;padding-left: 0px !important;}&#8221;][vc_single_image image=&#8221;629&#8243; img_size=&#8221;full&#8221; alignment=&#8221;center&#8221; css_animation=&#8221;fadeIn&#8221; parallax_ratio=&#8221;1&#8243; css=&#8221;.vc_custom_1537988778739{margin-top: 0px !important;margin-right: 0px !important;margin-bottom: 0px !important;margin-left: 0px !important;padding-top: 0px !important;padding-right: 0px !important;padding-bottom: 0px !important;padding-left: 0px !important;}&#8221;][\/vc_column_inner][\/vc_row_inner][vc_row_inner content_placement=&#8221;middle&#8221; css=&#8221;.vc_custom_1537988042258{margin-top: 0px !important;margin-right: 0px !important;margin-bottom: 0px !important;margin-left: 0px !important;padding-top: 0px !important;padding-right: 0px !important;padding-bottom: 0px !important;padding-left: 0px !important;background-color: #ffffff !important;}&#8221;][vc_column_inner width=&#8221;1\/2&#8243; css=&#8221;.vc_custom_1537988850850{margin-top: 0px !important;margin-right: 0px !important;margin-bottom: 0px !important;margin-left: 0px !important;padding-top: 0px !important;padding-right: 0px !important;padding-bottom: 0px !important;padding-left: 0px !important;}&#8221;][vc_single_image image=&#8221;628&#8243; img_size=&#8221;full&#8221; alignment=&#8221;center&#8221; css_animation=&#8221;fadeIn&#8221; parallax_ratio=&#8221;1&#8243; css=&#8221;.vc_custom_1537988867064{margin-top: 0px !important;margin-right: 0px !important;margin-bottom: 0px !important;margin-left: 0px !important;padding-top: 0px !important;padding-right: 0px !important;padding-bottom: 0px !important;padding-left: 0px !important;}&#8221;][\/vc_column_inner][vc_column_inner width=&#8221;1\/2&#8243; css=&#8221;.vc_custom_1537989436882{padding-top: 40px !important;padding-right: 15% !important;padding-bottom: 40px !important;padding-left: 15% !important;}&#8221;][vc_custom_heading text=&#8221;Dining&#8221; font_container=&#8221;tag:h2|text_align:center|color:%23000000&#8243; use_theme_fonts=&#8221;yes&#8221; css=&#8221;.vc_custom_1537988883662{margin-bottom: 15px !important;}&#8221;][vc_column_text]<\/p>\n<p style=\"text-align: justify;\">A dedicated chef will prepare enticing dishes on a daily basis for guests who crave exclusive delicacies to satisfy their appetite. The menu is a la carte and based on simple, delicious Mediterranean regional produce alongside a wide array of fresh fish and fruits de mer.<\/p>\n<p style=\"text-align: justify;\">The intention is to offer Santorini&#8217;s quintessential classics as well as more indulgent treats, such as sophisticated amuse-bouches and fine gourmand selections, which are served all day long by the pool or on the private terrace of each house.<\/p>\n<p>[\/vc_column_text]<span  id=\"wofcb-3\" class=\"ozy-custom_button_w\"><a id=\"ofcb-3\" style=\"--data-bordercolor:#c19b76\" class=\"ozy-custom_button ocbtn-1\"  href=\"#\"  target=\"_self\" >EXPLORE OUR RESTAURANT<\/a><\/span>[\/vc_column_inner][\/vc_row_inner][\/vc_column][\/vc_row][vc_row full_width=&#8221;stretch_row_content_no_spaces&#8221; disable_element=&#8221;yes&#8221; css=&#8221;.vc_custom_1715289122203{margin-top: 0px !important;margin-bottom: 0px !important;padding-top: 50px !important;padding-bottom: 40px !important;}&#8221; el_id=&#8221;rooms&#8221;][vc_column][vc_custom_heading text=&#8221;RELAX UNWIND&#8221; font_container=&#8221;tag:p|text_align:center|color:%23c19b76&#8243; use_theme_fonts=&#8221;yes&#8221;][vc_custom_heading text=&#8221;Rooms Suites&#8221; font_container=&#8221;tag:h2|text_align:center&#8221; use_theme_fonts=&#8221;yes&#8221; css=&#8221;.vc_custom_1539632711470{margin-bottom: 10px !important;}&#8221;]<div id=\"ovd-4\" class=\"ozy-vertical_divider wpb_content_element\"><span class=\"h6-size heading-font\"><\/span><\/div><div id=\"hero-post-slides-5\" class=\"hero-post-slides\">\t<div class=\"slides-cont\">\t\t<div class=\"slides wpb_content_element carousel\" data-flickity='{\"groupCells\": \"80%\", \"pageDots\": false, \"imagesLoaded\": true,  \"autoPlay\": false, \"pauseAutoPlayOnHover\": true, \"prevNextButtons\": true, \"cellAlign\": \"center\" }'><div class=\"slide carousel-cell\" style=\"background-image: url(data:image\/png;base64,R0lGODlhAQABAAD\/ACwAAAAAAQABAAACADs=);\" data-bgsrc=\"https:\/\/skyrospnoes.gr\/wp-content\/uploads\/2024\/11\/Family-Suite-2-1144x763.jpg\">\t<div class=\"number\">01<\/div>\t<div class=\"body\">\t\t<div class=\"location\"><\/div>\t\t<div class=\"headline heading-font-family\">\u039f\u03b9\u03ba\u03bf\u03b3\u03b5\u03bd\u03b5\u03b9\u03b1\u03ba\u03ae \u03c3\u03bf\u03c5\u03af\u03c4\u03b1<\/div>\t\t<a href=\"https:\/\/skyrospnoes.gr\/el\/accommodation\/%ce%bf%ce%b9%ce%ba%ce%bf%ce%b3%ce%b5%ce%bd%ce%b5%ce%b9%ce%b1%ce%ba%ce%ae-%cf%83%ce%bf%cf%85%ce%af%cf%84%ce%b1\/\" target=\"_self\"><span class=\"link ozy-button auto\">View More<\/span><\/a>\t<\/div><\/div><div class=\"slide carousel-cell\" style=\"background-image: url(data:image\/png;base64,R0lGODlhAQABAAD\/ACwAAAAAAQABAAACADs=);\" data-bgsrc=\"https:\/\/skyrospnoes.gr\/wp-content\/uploads\/2024\/11\/Junior-Family-Suite-2-1144x763.jpg\">\t<div class=\"number\">02<\/div>\t<div class=\"body\">\t\t<div class=\"location\"><\/div>\t\t<div class=\"headline heading-font-family\">Junior \u03bf\u03b9\u03ba\u03bf\u03b3\u03ad\u03bd\u03b5\u03b9\u03b1 \u03c3\u03bf\u03c5\u03af\u03c4\u03b1<\/div>\t\t<a href=\"https:\/\/skyrospnoes.gr\/el\/accommodation\/%ce%bc%ce%b9%ce%ba%cf%81%ce%ae-%ce%bf%ce%b9%ce%ba%ce%bf%ce%b3%ce%b5%ce%bd%ce%b5%ce%b9%ce%b1%ce%ba%ce%ae-%cf%83%ce%bf%cf%85%ce%af%cf%84%ce%b1\/\" target=\"_self\"><span class=\"link ozy-button auto\">View More<\/span><\/a>\t<\/div><\/div><div class=\"slide carousel-cell\" style=\"background-image: url(data:image\/png;base64,R0lGODlhAQABAAD\/ACwAAAAAAQABAAACADs=);\" data-bgsrc=\"https:\/\/skyrospnoes.gr\/wp-content\/uploads\/2024\/06\/Family-Room-3-1144x763.jpg\">\t<div class=\"number\">03<\/div>\t<div class=\"body\">\t\t<div class=\"location\"><\/div>\t\t<div class=\"headline heading-font-family\"><\/div>\t\t<a href=\"https:\/\/skyrospnoes.gr\/el\/accommodation\/%ce%b4%cf%89%ce%bc%ce%ac%cf%84%ce%b9%ce%bf-%ce%b3%ce%b9%ce%b1-%ce%bf%ce%b9%ce%ba%ce%bf%ce%b3%ce%ad%ce%bd%ce%b5%ce%b9%ce%b5%cf%82-%cf%80%cf%81%cf%8c%cf%83%ce%b2%ce%b1%cf%83%ce%b7-%ce%b1%cf%80%cf%8c\/\" target=\"_self\"><span class=\"link ozy-button auto\">View More<\/span><\/a>\t<\/div><\/div><div class=\"slide carousel-cell\" style=\"background-image: url(data:image\/png;base64,R0lGODlhAQABAAD\/ACwAAAAAAQABAAACADs=);\" data-bgsrc=\"https:\/\/skyrospnoes.gr\/wp-content\/uploads\/2024\/11\/Family-Suite-with-Terrace-8-1144x763.jpg\">\t<div class=\"number\">04<\/div>\t<div class=\"body\">\t\t<div class=\"location\"><\/div>\t\t<div class=\"headline heading-font-family\">\u039f\u03b9\u03ba\u03bf\u03b3\u03b5\u03bd\u03b5\u03b9\u03b1\u03ba\u03ae \u03c3\u03bf\u03c5\u03af\u03c4\u03b1 \u03bc\u03b5 \u03b2\u03b5\u03c1\u03ac\u03bd\u03c4\u03b1<\/div>\t\t<a href=\"https:\/\/skyrospnoes.gr\/el\/accommodation\/%ce%bf%ce%b9%ce%ba%ce%bf%ce%b3%ce%b5%ce%bd%ce%b5%ce%b9%ce%b1%ce%ba%ce%ae-%cf%83%ce%bf%cf%85%ce%af%cf%84%ce%b1-%ce%bc%ce%b5-%ce%b2%ce%b5%cf%81%ce%ac%ce%bd%cf%84%ce%b1\/\" target=\"_self\"><span class=\"link ozy-button auto\">View More<\/span><\/a>\t<\/div><\/div>\t\t<\/div>\t<\/div><\/div>[\/vc_column][\/vc_row][vc_row disable_element=&#8221;yes&#8221;][vc_column]<div class=\"carousel single wpb_content_element pagedots-true flickity-carousel  item-count-1\" data-flickity='{ \"adaptiveHeight\": false, \"pageDots\": true, \"prevNextButtons\": false, \"groupCells\": false, \"contain\" : true, \"cellAlign\": \"left\", \"imagesLoaded\": true, \"setGallerySize\": true, \"autoPlay\": true }'><br \/>\n\n<div class=\"ozy-caroseul_item carousel-cell \" style=\"background:url(https:\/\/skyrospnoes.gr\/wp-content\/uploads\/2024\/06\/pnoes_skyros_photo-14.jpg);\">\n<a><img decoding=\"async\" src=\"https:\/\/skyrospnoes.gr\/wp-content\/uploads\/2024\/06\/pnoes_skyros_photo-14.jpg\" alt=\"\"><\/a><\/div><br \/>\n\n<div class=\"ozy-caroseul_item carousel-cell \" style=\"background:url(https:\/\/skyrospnoes.gr\/wp-content\/uploads\/2024\/06\/pnoes_skyros_photo-9.jpg);\">\n<a><img decoding=\"async\" src=\"https:\/\/skyrospnoes.gr\/wp-content\/uploads\/2024\/06\/pnoes_skyros_photo-9.jpg\" alt=\"\"><\/a><\/div><br \/>\n\n<div class=\"ozy-caroseul_item carousel-cell \" style=\"background:url(https:\/\/skyrospnoes.gr\/wp-content\/uploads\/2024\/06\/pnoes_skyros_photo-8.png);\">\n<a><img decoding=\"async\" src=\"https:\/\/skyrospnoes.gr\/wp-content\/uploads\/2024\/06\/pnoes_skyros_photo-8.png\" alt=\"\"><\/a><\/div><br \/>\n\n<div class=\"ozy-caroseul_item carousel-cell \" style=\"background:url(https:\/\/skyrospnoes.gr\/wp-content\/uploads\/2024\/06\/pnoes_skyros_photo-6.png);\">\n<a><img decoding=\"async\" src=\"https:\/\/skyrospnoes.gr\/wp-content\/uploads\/2024\/06\/pnoes_skyros_photo-6.png\" alt=\"\"><\/a><\/div><br \/>\n\n<div class=\"ozy-caroseul_item carousel-cell \" style=\"background:url(https:\/\/skyrospnoes.gr\/wp-content\/uploads\/2024\/06\/pnoes_skyros_photo-5.png);\">\n<a><img decoding=\"async\" src=\"https:\/\/skyrospnoes.gr\/wp-content\/uploads\/2024\/06\/pnoes_skyros_photo-5.png\" alt=\"\"><\/a><\/div><br \/>\n\n<div class=\"ozy-caroseul_item carousel-cell \" style=\"background:url(https:\/\/skyrospnoes.gr\/wp-content\/uploads\/2024\/06\/pnoes_skyros_photo-4.png);\">\n<a><img decoding=\"async\" src=\"https:\/\/skyrospnoes.gr\/wp-content\/uploads\/2024\/06\/pnoes_skyros_photo-4.png\" alt=\"\"><\/a><\/div><br \/>\n\n<div class=\"ozy-caroseul_item carousel-cell \" style=\"background:url(https:\/\/skyrospnoes.gr\/wp-content\/uploads\/2024\/06\/pnoes_skyros_photo-1.png);\">\n<a><img decoding=\"async\" src=\"https:\/\/skyrospnoes.gr\/wp-content\/uploads\/2024\/06\/pnoes_skyros_photo-1.png\" alt=\"\"><\/a><\/div><br \/>\n\n<div class=\"ozy-caroseul_item carousel-cell \" style=\"background:url(https:\/\/skyrospnoes.gr\/wp-content\/uploads\/2024\/06\/pnoes_skyros_photo-3.png);\">\n<a><img decoding=\"async\" src=\"https:\/\/skyrospnoes.gr\/wp-content\/uploads\/2024\/06\/pnoes_skyros_photo-3.png\" alt=\"\"><\/a><\/div><br \/>\n<\/div>[\/vc_column][\/vc_row][vc_row disable_element=&#8221;yes&#8221;][vc_column][vc_images_carousel images=&#8221;2143,2142,2138,2137,2136,2135,2134,2133,2132,2131,2130&#8243; img_size=&#8221;large&#8221; speed=&#8221;2000&#8243; autoplay=&#8221;yes&#8221; hide_prev_next_buttons=&#8221;yes&#8221; wrap=&#8221;yes&#8221; el_id=&#8221;home-bottom-carousel&#8221;][\/vc_column][\/vc_row]<\/p>\n<\/div>","protected":false},"excerpt":{"rendered":"<p>[vc_row height=&#8221;200px&#8221; css=&#8221;.vc_custom_1718287692453{margin-top: 100px !important;}&#8221; el_id=&#8221;espa-banner&#8221;][vc_column][vc_single_image image=&#8221;2111&#8243; img_size=&#8221;large&#8221; alignment=&#8221;center&#8221; onclick=&#8221;custom_link&#8221; img_link_target=&#8221;_blank&#8221; parallax_ratio=&#8221;&#8221; disable_reveal_effect=&#8221;1&#8243; link=&#8221;https:\/\/skyrospnoes.gr\/wp-content\/uploads\/2024\/06\/espa_2024_pnoes.pdf&#8221;][\/vc_column][\/vc_row][vc_row hue=&#8221;#ff0000&#8243;][vc_column][\/vc_column][\/vc_row][vc_row content_placement=&#8221;middle&#8221; css=&#8221;.vc_custom_1542961430859{margin-top: 0px !important;margin-bottom: 0px !important;padding-top: 90px !important;padding-bottom: 60px !important;}&#8221;][vc_column width=&#8221;1\/2&#8243; zero_padding_on_mobile=&#8221;on&#8221; zero_margin_on_mobile=&#8221;on&#8221;][vc_column_text css=&#8221;.vc_custom_1715288542774{margin-bottom: 15px [&hellip;]<\/p>\n","protected":false},"author":1,"featured_media":0,"parent":0,"menu_order":0,"comment_status":"closed","ping_status":"closed","template":"","meta":{"footnotes":""},"_links":{"self":[{"href":"https:\/\/skyrospnoes.gr\/el\/wp-json\/wp\/v2\/pages\/2452"}],"collection":[{"href":"https:\/\/skyrospnoes.gr\/el\/wp-json\/wp\/v2\/pages"}],"about":[{"href":"https:\/\/skyrospnoes.gr\/el\/wp-json\/wp\/v2\/types\/page"}],"author":[{"embeddable":true,"href":"https:\/\/skyrospnoes.gr\/el\/wp-json\/wp\/v2\/users\/1"}],"replies":[{"embeddable":true,"href":"https:\/\/skyrospnoes.gr\/el\/wp-json\/wp\/v2\/comments?post=2452"}],"version-history":[{"count":8,"href":"https:\/\/skyrospnoes.gr\/el\/wp-json\/wp\/v2\/pages\/2452\/revisions"}],"predecessor-version":[{"id":2670,"href":"https:\/\/skyrospnoes.gr\/el\/wp-json\/wp\/v2\/pages\/2452\/revisions\/2670"}],"wp:attachment":[{"href":"https:\/\/skyrospnoes.gr\/el\/wp-json\/wp\/v2\/media?parent=2452"}],"curies":[{"name":"wp","href":"https:\/\/api.w.org\/{rel}","templated":true}]}}